{"id":198,"date":"2015-04-14T13:47:09","date_gmt":"2015-04-14T13:47:09","guid":{"rendered":"http:\/\/www.casahybla.com\/?page_id=198"},"modified":"2015-04-27T12:04:25","modified_gmt":"2015-04-27T12:04:25","slug":"hybla-house","status":"publish","type":"page","link":"https:\/\/www.casahybla.com\/en\/hybla-house\/","title":{"rendered":"Hybla House"},"content":{"rendered":"[vc_row][vc_column width=&#8221;1\/1&#8243;][vc_column_text css=&#8221;.vc_custom_1430128229710{margin-top: -20px !important;}&#8221;]\n<p style=\"text-align: center;\">\n<div id=\"rev_slider_2_1_wrapper\" class=\"rev_slider_wrapper fullwidthbanner-container\" data-source=\"gallery\" style=\"margin:0px auto;background:#E9E9E9;padding:0px;margin-top:0px;margin-bottom:0px;\">\n<!-- START REVOLUTION SLIDER 5.4.7.2 fullwidth mode -->\n\t<div id=\"rev_slider_2_1\" class=\"rev_slider fullwidthabanner tp-overflow-hidden\" style=\"display:none;\" data-version=\"5.4.7.2\">\n<ul>\t<!-- SLIDE  -->\n\t<li data-index=\"rs-4\" data-transition=\"fade\" data-slotamount=\"7\" data-hideafterloop=\"0\" data-hideslideonmobile=\"off\"  data-easein=\"default\" data-easeout=\"default\" data-masterspeed=\"300\"  data-thumb=\"https:\/\/www.casahybla.com\/wp-content\/uploads\/2015\/05\/ingresso-100x50.jpg\"  data-rotate=\"0\"  data-saveperformance=\"off\"  data-title=\"ingresso\" data-param1=\"\" data-param2=\"\" data-param3=\"\" data-param4=\"\" data-param5=\"\" data-param6=\"\" data-param7=\"\" data-param8=\"\" data-param9=\"\" data-param10=\"\" data-description=\"\">\n\t\t<!-- MAIN IMAGE -->\n\t\t<img src=\"https:\/\/www.casahybla.com\/wp-content\/uploads\/2015\/05\/ingresso.jpg\"  alt=\"\" title=\"ingresso\"  width=\"960\" height=\"450\" data-bgposition=\"center top\" data-bgfit=\"cover\" data-bgrepeat=\"no-repeat\" class=\"rev-slidebg\" data-no-retina>\n\t\t<!-- LAYERS -->\n\t<\/li>\n\t<!-- SLIDE  -->\n\t<li data-index=\"rs-8\" data-transition=\"fade\" data-slotamount=\"7\" data-hideafterloop=\"0\" data-hideslideonmobile=\"off\"  data-easein=\"default\" data-easeout=\"default\" data-masterspeed=\"300\"  data-thumb=\"https:\/\/www.casahybla.com\/wp-content\/uploads\/2015\/05\/soggiorno-100x50.jpg\"  data-rotate=\"0\"  data-saveperformance=\"off\"  data-title=\"soggiorno\" data-param1=\"\" data-param2=\"\" data-param3=\"\" data-param4=\"\" data-param5=\"\" data-param6=\"\" data-param7=\"\" data-param8=\"\" data-param9=\"\" data-param10=\"\" data-description=\"\">\n\t\t<!-- MAIN IMAGE -->\n\t\t<img src=\"https:\/\/www.casahybla.com\/wp-content\/uploads\/2015\/05\/soggiorno.jpg\"  alt=\"\" title=\"soggiorno\"  width=\"960\" height=\"450\" data-bgposition=\"center top\" data-bgfit=\"cover\" data-bgrepeat=\"no-repeat\" class=\"rev-slidebg\" data-no-retina>\n\t\t<!-- LAYERS -->\n\t<\/li>\n\t<!-- SLIDE  -->\n\t<li data-index=\"rs-3\" data-transition=\"fade\" data-slotamount=\"7\" data-hideafterloop=\"0\" data-hideslideonmobile=\"off\"  data-easein=\"default\" data-easeout=\"default\" data-masterspeed=\"300\"  data-thumb=\"https:\/\/www.casahybla.com\/wp-content\/uploads\/2015\/05\/camera-da-letto-100x50.jpg\"  data-rotate=\"0\"  data-saveperformance=\"off\"  data-title=\"camera da letto\" data-param1=\"\" data-param2=\"\" data-param3=\"\" data-param4=\"\" data-param5=\"\" data-param6=\"\" data-param7=\"\" data-param8=\"\" data-param9=\"\" data-param10=\"\" data-description=\"\">\n\t\t<!-- MAIN IMAGE -->\n\t\t<img src=\"https:\/\/www.casahybla.com\/wp-content\/uploads\/2015\/05\/camera-da-letto.jpg\"  alt=\"\" title=\"camera-da-letto\"  width=\"960\" height=\"450\" data-bgposition=\"center top\" data-bgfit=\"cover\" data-bgrepeat=\"no-repeat\" class=\"rev-slidebg\" data-no-retina>\n\t\t<!-- LAYERS -->\n\t<\/li>\n<\/ul>\n<script>var htmlDiv = document.getElementById(\"rs-plugin-settings-inline-css\"); var htmlDivCss=\"\";\r\n\t\t\t\t\t\tif(htmlDiv) {\r\n\t\t\t\t\t\t\thtmlDiv.innerHTML = htmlDiv.innerHTML + htmlDivCss;\r\n\t\t\t\t\t\t}else{\r\n\t\t\t\t\t\t\tvar htmlDiv = document.createElement(\"div\");\r\n\t\t\t\t\t\t\thtmlDiv.innerHTML = \"<style>\" + htmlDivCss + \"<\/style>\";\r\n\t\t\t\t\t\t\tdocument.getElementsByTagName(\"head\")[0].appendChild(htmlDiv.childNodes[0]);\r\n\t\t\t\t\t\t}\r\n\t\t\t\t\t<\/script>\n<div class=\"tp-bannertimer\" style=\"height: 5px; background: rgb(0,0,0);\"><\/div>\t<\/div>\n<script>var htmlDiv = document.getElementById(\"rs-plugin-settings-inline-css\"); var htmlDivCss=\"\";\r\n\t\t\t\tif(htmlDiv) {\r\n\t\t\t\t\thtmlDiv.innerHTML = htmlDiv.innerHTML + htmlDivCss;\r\n\t\t\t\t}else{\r\n\t\t\t\t\tvar htmlDiv = document.createElement(\"div\");\r\n\t\t\t\t\thtmlDiv.innerHTML = \"<style>\" + htmlDivCss + \"<\/style>\";\r\n\t\t\t\t\tdocument.getElementsByTagName(\"head\")[0].appendChild(htmlDiv.childNodes[0]);\r\n\t\t\t\t}\r\n\t\t\t<\/script>\n\t\t<script type=\"text\/javascript\">\r\nif (setREVStartSize!==undefined) setREVStartSize(\r\n\t{c: '#rev_slider_2_1', gridwidth: [960], gridheight: [450], sliderLayout: 'auto'});\r\n\t\t\t\r\nvar revapi2,\r\n\ttpj;\t\r\n(function() {\t\t\t\r\n\tif (!\/loaded|interactive|complete\/.test(document.readyState)) document.addEventListener(\"DOMContentLoaded\",onLoad); else onLoad();\t\r\n\tfunction onLoad() {\t\t\t\t\r\n\t\tif (tpj===undefined) { tpj = jQuery; if(\"on\" == \"on\") tpj.noConflict();}\r\n\tif(tpj(\"#rev_slider_2_1\").revolution == undefined){\n\t\trevslider_showDoubleJqueryError(\"#rev_slider_2_1\");\n\t}else{\n\t\trevapi2 = tpj(\"#rev_slider_2_1\").show().revolution({\n\t\t\tsliderType:\"standard\",\n\t\t\tjsFileLocation:\"\/\/www.casahybla.com\/wp-content\/plugins\/revslider\/public\/assets\/js\/\",\n\t\t\tsliderLayout:\"auto\",\n\t\t\tdottedOverlay:\"none\",\n\t\t\tdelay:7000,\n\t\t\tnavigation: {\n\t\t\t\tkeyboardNavigation:\"off\",\n\t\t\t\tkeyboard_direction: \"horizontal\",\n\t\t\t\tmouseScrollNavigation:\"off\",\n \t\t\t\t\t\t\tmouseScrollReverse:\"default\",\n\t\t\t\tonHoverStop:\"off\",\n\t\t\t\ttouch:{\n\t\t\t\t\ttouchenabled:\"on\",\n\t\t\t\t\ttouchOnDesktop:\"off\",\n\t\t\t\t\tswipe_threshold: 75,\n\t\t\t\t\tswipe_min_touches: 1,\n\t\t\t\t\tswipe_direction: \"horizontal\",\n\t\t\t\t\tdrag_block_vertical: false\n\t\t\t\t}\n\t\t\t\t,\n\t\t\t\tarrows: {\n\t\t\t\t\tstyle:\"hesperiden\",\n\t\t\t\t\tenable:true,\n\t\t\t\t\thide_onmobile:false,\n\t\t\t\t\thide_onleave:false,\n\t\t\t\t\ttmp:'',\n\t\t\t\t\tleft: {\n\t\t\t\t\t\th_align:\"left\",\n\t\t\t\t\t\tv_align:\"center\",\n\t\t\t\t\t\th_offset:20,\n\t\t\t\t\t\tv_offset:0\n\t\t\t\t\t},\n\t\t\t\t\tright: {\n\t\t\t\t\t\th_align:\"right\",\n\t\t\t\t\t\tv_align:\"center\",\n\t\t\t\t\t\th_offset:20,\n\t\t\t\t\t\tv_offset:0\n\t\t\t\t\t}\n\t\t\t\t}\n\t\t\t\t,\n\t\t\t\tbullets: {\n\t\t\t\t\tenable:true,\n\t\t\t\t\thide_onmobile:false,\n\t\t\t\t\tstyle:\"hesperiden\",\n\t\t\t\t\thide_onleave:false,\n\t\t\t\t\tdirection:\"horizontal\",\n\t\t\t\t\th_align:\"center\",\n\t\t\t\t\tv_align:\"bottom\",\n\t\t\t\t\th_offset:0,\n\t\t\t\t\tv_offset:20,\n\t\t\t\t\tspace:5,\n\t\t\t\t\ttmp:''\n\t\t\t\t}\n\t\t\t},\n\t\t\tvisibilityLevels:[1240,1024,778,480],\n\t\t\tgridwidth:960,\n\t\t\tgridheight:450,\n\t\t\tlazyType:\"none\",\n\t\t\tshadow:1,\n\t\t\tspinner:\"spinner3\",\n\t\t\tstopLoop:\"off\",\n\t\t\tstopAfterLoops:-1,\n\t\t\tstopAtSlide:-1,\n\t\t\tshuffle:\"off\",\n\t\t\tautoHeight:\"off\",\n\t\t\thideThumbsOnMobile:\"off\",\n\t\t\thideSliderAtLimit:0,\n\t\t\thideCaptionAtLimit:0,\n\t\t\thideAllCaptionAtLilmit:0,\n\t\t\tdebugMode:false,\n\t\t\tfallbacks: {\n\t\t\t\tsimplifyAll:\"off\",\n\t\t\t\tnextSlideOnWindowFocus:\"off\",\n\t\t\t\tdisableFocusListener:false,\n\t\t\t}\n\t\t});\n\t}; \/* END OF revapi call *\/\n\t\n }; \/* END OF ON LOAD FUNCTION *\/\r\n}()); \/* END OF WRAPPING FUNCTION *\/\r\n<\/script>\r\n\t\t<script>\r\n\t\t\t\t\tvar htmlDivCss = '\t#rev_slider_2_1_wrapper .tp-loader.spinner3 div { background-color: #FFFFFF !important; } ';\r\n\t\t\t\t\tvar htmlDiv = document.getElementById('rs-plugin-settings-inline-css');\r\n\t\t\t\t\tif(htmlDiv) {\r\n\t\t\t\t\t\thtmlDiv.innerHTML = htmlDiv.innerHTML + htmlDivCss;\r\n\t\t\t\t\t}\r\n\t\t\t\t\telse{\r\n\t\t\t\t\t\tvar htmlDiv = document.createElement('div');\r\n\t\t\t\t\t\thtmlDiv.innerHTML = '<style>' + htmlDivCss + '<\/style>';\r\n\t\t\t\t\t\tdocument.getElementsByTagName('head')[0].appendChild(htmlDiv.childNodes[0]);\r\n\t\t\t\t\t}\r\n\t\t\t\t\t<\/script>\r\n\t\t\t\t\t<script>\r\n\t\t\t\t\tvar htmlDivCss = unescape(\".hesperiden.tparrows%20%7B%0A%09cursor%3Apointer%3B%0A%09background%3Argba%280%2C0%2C0%2C0.5%29%3B%0A%09width%3A40px%3B%0A%09height%3A40px%3B%0A%09position%3Aabsolute%3B%0A%09display%3Ablock%3B%0A%09z-index%3A100%3B%0A%20%20%20%20border-radius%3A%2050%25%3B%0A%7D%0A.hesperiden.tparrows%3Ahover%20%7B%0A%09background%3Argba%280%2C%200%2C%200%2C%201%29%3B%0A%7D%0A.hesperiden.tparrows%3Abefore%20%7B%0A%09font-family%3A%20%22revicons%22%3B%0A%09font-size%3A20px%3B%0A%09color%3Argb%28255%2C%20255%2C%20255%29%3B%0A%09display%3Ablock%3B%0A%09line-height%3A%2040px%3B%0A%09text-align%3A%20center%3B%0A%7D%0A.hesperiden.tparrows.tp-leftarrow%3Abefore%20%7B%0A%09content%3A%20%22%5Ce82c%22%3B%0A%20%20%20%20margin-left%3A-3px%3B%0A%7D%0A.hesperiden.tparrows.tp-rightarrow%3Abefore%20%7B%0A%09content%3A%20%22%5Ce82d%22%3B%0A%20%20%20%20margin-right%3A-3px%3B%0A%7D%0A.hesperiden.tp-bullets%20%7B%0A%7D%0A.hesperiden.tp-bullets%3Abefore%20%7B%0A%09content%3A%22%20%22%3B%0A%09position%3Aabsolute%3B%0A%09width%3A100%25%3B%0A%09height%3A100%25%3B%0A%09background%3Atransparent%3B%0A%09padding%3A10px%3B%0A%09margin-left%3A-10px%3Bmargin-top%3A-10px%3B%0A%09box-sizing%3Acontent-box%3B%0A%20%20%20border-radius%3A8px%3B%0A%20%20%0A%7D%0A.hesperiden%20.tp-bullet%20%7B%0A%09width%3A12px%3B%0A%09height%3A12px%3B%0A%09position%3Aabsolute%3B%0A%09background%3A%20rgb%28153%2C%20153%2C%20153%29%3B%20%2F%2A%20old%20browsers%20%2A%2F%0A%20%20%20%20background%3A%20-moz-linear-gradient%28top%2C%20%20rgb%28153%2C%20153%2C%20153%29%200%25%2C%20rgb%28225%2C%20225%2C%20225%29%20100%25%29%3B%20%2F%2A%20ff3.6%2B%20%2A%2F%0A%20%20%20%20background%3A%20-webkit-linear-gradient%28top%2C%20%20rgb%28153%2C%20153%2C%20153%29%200%25%2Crgb%28225%2C%20225%2C%20225%29%20100%25%29%3B%20%2F%2A%20chrome10%2B%2Csafari5.1%2B%20%2A%2F%0A%20%20%20%20background%3A%20-o-linear-gradient%28top%2C%20%20rgb%28153%2C%20153%2C%20153%29%200%25%2Crgb%28225%2C%20225%2C%20225%29%20100%25%29%3B%20%2F%2A%20opera%2011.10%2B%20%2A%2F%0A%20%20%20%20background%3A%20-ms-linear-gradient%28top%2C%20%20rgb%28153%2C%20153%2C%20153%29%200%25%2Crgb%28225%2C%20225%2C%20225%29%20100%25%29%3B%20%2F%2A%20ie10%2B%20%2A%2F%0A%20%20%20%20background%3A%20linear-gradient%28to%20bottom%2C%20%20rgb%28153%2C%20153%2C%20153%29%200%25%2Crgb%28225%2C%20225%2C%20225%29%20100%25%29%3B%20%2F%2A%20w3c%20%2A%2F%0A%20%20%20%20filter%3A%20progid%3Adximagetransform.microsoft.gradient%28%20%0A%20%20%20%20startcolorstr%3D%22rgb%28153%2C%20153%2C%20153%29%22%2C%20endcolorstr%3D%22rgb%28225%2C%20225%2C%20225%29%22%2Cgradienttype%3D0%20%29%3B%20%2F%2A%20ie6-9%20%2A%2F%0A%09border%3A3px%20solid%20rgb%28229%2C%20229%2C%20229%29%3B%0A%09border-radius%3A50%25%3B%0A%09cursor%3A%20pointer%3B%0A%09box-sizing%3Acontent-box%3B%0A%7D%0A.hesperiden%20.tp-bullet%3Ahover%2C%0A.hesperiden%20.tp-bullet.selected%20%7B%0A%09background%3Argb%28102%2C%20102%2C%20102%29%3B%0A%7D%0A.hesperiden%20.tp-bullet-image%20%7B%0A%7D%0A.hesperiden%20.tp-bullet-title%20%7B%0A%7D%0A%0A\");\r\n\t\t\t\t\tvar htmlDiv = document.getElementById('rs-plugin-settings-inline-css');\r\n\t\t\t\t\tif(htmlDiv) {\r\n\t\t\t\t\t\thtmlDiv.innerHTML = htmlDiv.innerHTML + htmlDivCss;\r\n\t\t\t\t\t}\r\n\t\t\t\t\telse{\r\n\t\t\t\t\t\tvar htmlDiv = document.createElement('div');\r\n\t\t\t\t\t\thtmlDiv.innerHTML = '<style>' + htmlDivCss + '<\/style>';\r\n\t\t\t\t\t\tdocument.getElementsByTagName('head')[0].appendChild(htmlDiv.childNodes[0]);\r\n\t\t\t\t\t}\r\n\t\t\t\t  <\/script>\r\n\t\t\t\t<\/div><!-- END REVOLUTION SLIDER -->\n[\/vc_column_text][\/vc_column][\/vc_row][vc_row top_margin=&#8221;none&#8221; css=&#8221;.vc_custom_1429880796444{margin-top: 75px !important;}&#8221;][vc_column width=&#8221;1\/1&#8243;][vc_column_text]\n<p style=\"text-align: center;\">Trascorri\u00a0una vacanza a Ragusa Ibla. Un luogo che sapr\u00e0 emozionarti, stupirti con la sua eleganza, la sua storia e la sue tradizioni. <strong>Casa Hybla<\/strong>, grazie alla sua posizione, vi accoglier\u00e0 nel cuore della citt\u00e0 e vi far\u00e0 respirare da dentro un atmosfera tipica locale e magica. Ragusa Ibla \u00e8 un vero e proprio gioiello nel territorio ibleo.<\/p>\n[\/vc_column_text][\/vc_column][\/vc_row][vc_row top_margin=&#8221;none&#8221; css=&#8221;.vc_custom_1429880796444{margin-top: 75px !important;}&#8221;][vc_column width=&#8221;1\/1&#8243;][vc_column_text]\n<h3 style=\"text-align: center;\"><strong>Foto Gallery<\/strong><\/h3>\n[\/vc_column_text][vc_gallery type=&#8221;image_grid&#8221; interval=&#8221;3&#8243; images=&#8221;425,424,382,381,379,378,377,376&#8243; onclick=&#8221;link_image&#8221; custom_links_target=&#8221;_self&#8221; img_size=&#8221;230&#215;150&#8243;][\/vc_column][\/vc_row][vc_row top_margin=&#8221;page_margin_top_section&#8221; css=&#8221;.vc_custom_1429873265511{margin-top: 20px !important;}&#8221;][vc_column width=&#8221;1\/3&#8243;][vc_column_text css=&#8221;.vc_custom_1430135916534{padding-top: -50px !important;}&#8221;]\n<h3 style=\"text-align: left;\"><span class=\"genmed\"><span style=\"color: #ffffff;\"><span style=\"background-color: #878787;\"><b>\u00a0Features Apartment <\/b><\/span><\/span><\/span><\/h3>\n[\/vc_column_text][vc_column_text css=&#8221;.vc_custom_1430132722297{margin-top: -15px !important;}&#8221;]<strong>PIANO PRIMO<\/strong><\/p>\n<ul>\n<li>Ampio Soggiorno<\/li>\n<li>Cucina Attrezzata<\/li>\n<li>Divano Letto matrimoniale<\/li>\n<li>Terrazza Panoramica<\/li>\n<li>Bagno<\/li>\n<\/ul>\n<p><strong>SECONDO PIANO<\/strong><\/p>\n<ul>\n<li>n. 1 camera da letto matrimoniale<\/li>\n<li>n. 2 camere singole<\/li>\n<li>Bagno<\/li>\n<\/ul>\n[\/vc_column_text][\/vc_column][vc_column width=&#8221;1\/3&#8243;][vc_column_text css=&#8221;.vc_custom_1430135948608{padding-top: -50px !important;}&#8221;]\n<h3 style=\"text-align: left;\"><span class=\"genmed\"><span style=\"color: #ffffff;\"><span style=\"background-color: #878787;\"><b>\u00a0Equipments Apartment <\/b><\/span><\/span><\/span><\/h3>\n[\/vc_column_text][vc_column_text css=&#8221;.vc_custom_1430132732589{margin-top: -15px !important;}&#8221;]\n<ul>\n<li>Condizionatori<\/li>\n<li>Riscaldamenti<\/li>\n<li>Tv<\/li>\n<li>Wi-fi Free<\/li>\n<li>Forno<\/li>\n<li>Frigo<\/li>\n<li>Lavastoviglie<\/li>\n<li>N.1 Biancheria inclusa a persona<\/li>\n<li>Posto Auto (su richiesta)<\/li>\n<\/ul>\n[\/vc_column_text][\/vc_column][vc_column width=&#8221;1\/3&#8243;][vc_column_text]\n<h3 style=\"text-align: left;\"><span class=\"genmed\"><span style=\"color: #ffffff;\"><span style=\"background-color: #878787;\"><b>\u00a0Services\u00a0<\/b><\/span><\/span><\/span><\/h3>\n[\/vc_column_text][vc_column_text css=&#8221;.vc_custom_1430132820036{margin-top: -15px !important;}&#8221;]\n<ul>\n<li>Servizio Taxi<\/li>\n<li>Servizio navette<\/li>\n<li>N. 2 Supermarket<\/li>\n<li>Servizi Bancari<\/li>\n<li>Poste Italiane<\/li>\n<li>Ricevitoria e Tabacchi<\/li>\n<li>Bar e Ristoranti<\/li>\n<li>Farmaci e Parafarmacia<\/li>\n<\/ul>\n[\/vc_column_text][\/vc_column][\/vc_row][vc_row][vc_column width=&#8221;1\/3&#8243;][vc_column_text css=&#8221;.vc_custom_1430135169173{padding-top: -50px !important;}&#8221;]\n<h3 style=\"text-align: left;\"><span class=\"genmed\"><span style=\"color: #ffffff;\"><span style=\"background-color: #878787;\"><b>\u00a0Escursioni in natura\u00a0<\/b><\/span><\/span><\/span><\/h3>\n[\/vc_column_text][vc_single_image image=&#8221;260&#8243; alignment=&#8221;center&#8221; border_color=&#8221;grey&#8221; img_link_large=&#8221;&#8221; img_link_target=&#8221;_self&#8221; img_size=&#8221;300&#215;330&#8243;][\/vc_column][vc_column width=&#8221;1\/3&#8243;][vc_column_text css=&#8221;.vc_custom_1430135149518{padding-top: -50px !important;}&#8221;]\n<h3 style=\"text-align: left;\"><span class=\"genmed\"><span style=\"color: #ffffff;\"><span style=\"background-color: #878787;\"><b>\u00a0Eventi in provincia di Ragusa\u00a0<\/b><\/span><\/span><\/span><\/h3>\n[\/vc_column_text][vc_single_image image=&#8221;419&#8243; alignment=&#8221;center&#8221; border_color=&#8221;grey&#8221; img_link_large=&#8221;&#8221; img_link_target=&#8221;_self&#8221; img_size=&#8221;300&#215;330&#8243;][\/vc_column][vc_column width=&#8221;1\/3&#8243;][vc_column_text css=&#8221;.vc_custom_1430136191904{padding-top: -50px !important;}&#8221;]\n<h3 style=\"text-align: left;\"><span class=\"genmed\"><span style=\"color: #ffffff;\"><span style=\"background-color: #878787;\"><b>\u00a0Reservation Holiday\u00a0<\/b><\/span><\/span><\/span><\/h3>\n[\/vc_column_text][vc_widget_sidebar top_margin=&#8221;none&#8221; sidebar_id=&#8221;cs-3&#8243;][\/vc_column][\/vc_row]\n","protected":false},"excerpt":{"rendered":"<p>[vc_row][vc_column width=&#8221;1\/1&#8243;][vc_column_text css=&#8221;.vc_custom_1430128229710{margin-top: -20px !important;}&#8221;] [\/vc_column_text][\/vc_column][\/vc_row][vc_row top_margin=&#8221;none&#8221; css=&#8221;.vc_custom_1429880796444{margin-top: 75px !important;}&#8221;][vc_column width=&#8221;1\/1&#8243;][vc_column_text] Trascorri\u00a0una vacanza a Ragusa Ibla. Un luogo che sapr\u00e0 emozionarti, stupirti con la sua eleganza, la sua storia e la sue tradizioni. Casa Hybla, grazie alla sua posizione, vi accoglier\u00e0 nel cuore della citt\u00e0 e vi far\u00e0 respirare da dentro un atmosfera tipica locale<\/p>\n","protected":false},"author":1,"featured_media":0,"parent":0,"menu_order":0,"comment_status":"closed","ping_status":"closed","template":"page-templates\/template-full-width.php","meta":[],"_links":{"self":[{"href":"https:\/\/www.casahybla.com\/en\/wp-json\/wp\/v2\/pages\/198"}],"collection":[{"href":"https:\/\/www.casahybla.com\/en\/wp-json\/wp\/v2\/pages"}],"about":[{"href":"https:\/\/www.casahybla.com\/en\/wp-json\/wp\/v2\/types\/page"}],"author":[{"embeddable":true,"href":"https:\/\/www.casahybla.com\/en\/wp-json\/wp\/v2\/users\/1"}],"replies":[{"embeddable":true,"href":"https:\/\/www.casahybla.com\/en\/wp-json\/wp\/v2\/comments?post=198"}],"version-history":[{"count":4,"href":"https:\/\/www.casahybla.com\/en\/wp-json\/wp\/v2\/pages\/198\/revisions"}],"predecessor-version":[{"id":502,"href":"https:\/\/www.casahybla.com\/en\/wp-json\/wp\/v2\/pages\/198\/revisions\/502"}],"wp:attachment":[{"href":"https:\/\/www.casahybla.com\/en\/wp-json\/wp\/v2\/media?parent=198"}],"curies":[{"name":"wp","href":"https:\/\/api.w.org\/{rel}","templated":true}]}}